{"id":2,"date":"2016-05-23T14:30:27","date_gmt":"2016-05-23T14:30:27","guid":{"rendered":"https:\/\/muosz.hu\/eletmodnap\/?page_id=2"},"modified":"2025-11-28T12:20:44","modified_gmt":"2025-11-28T11:20:44","slug":"jelentkezes","status":"publish","type":"page","link":"https:\/\/muosz.hu\/eletmodnap\/","title":{"rendered":"Jelentkez\u00e9s"},"content":{"rendered":"\n<p><strong>2025. december 8-\u00e1n, p\u00e9nteken ism\u00e9t megrendezz\u00fck az Eg\u00e9szs\u00e9g Napot. A sz\u0171r\u0151kamion&nbsp;<\/strong><strong>a Sajt\u00f3h\u00e1z el\u0151tt reggel 9 \u00f3r\u00e1t\u00f3l<\/strong><strong> d\u00e9lut\u00e1n 4-ig fogadja az \u00fajs\u00e1g\u00edr\u00f3kat. A t\u00f6bb t\u00edzezer forint \u00e9rt\u00e9k\u0171 sz\u0171r\u0151vizsg\u00e1laton a r\u00e9szv\u00e9tel ingyenes, de regisztr\u00e1ci\u00f3hoz k\u00f6t\u00f6tt!<\/strong><\/p>\n\n\n\n<p><strong>A vizsg\u00e1latokat megel\u0151z\u0151en ki kell t\u00f6lteni egy anonim k\u00e9rd\u0151\u00edvet, ami adatokkal a r\u00e9sztvev\u0151k seg\u00edtik a programot. Ez megk\u00f6zel\u00edt\u0151leg 10-12 percet vesz ig\u00e9nybe, ez\u00e9rt k\u00e9rj\u00fck, hogy legal\u00e1bb 15 perccel a regisztr\u00e1lt id\u0151pont el\u0151tt \u00e9rkezzenek a helysz\u00ednre.<\/strong><\/p>\n\n\n\n<p>A sz\u0171r\u0151kamionban&nbsp;<a rel=\"noreferrer noopener\" href=\"https:\/\/egeszsegprogram.eu\/egeszseg-konyv\" target=\"_blank\"><strong>azonnal ki\u00e9rt\u00e9kelt 50 vizsg\u00e1laton<\/strong><\/a>, t\u00f6bbek k\u00f6z\u00f6tt kardiol\u00f3giai, t\u00fcd\u0151gy\u00f3gy\u00e1szati, hipert\u00f3nia- \u00e9s stresszvizsg\u00e1laton vehetnek r\u00e9szt a M\u00daOSZ-tagok t\u00e9r\u00edt\u00e9smentesen.<\/p>\n\n\n\n<p>Szem\u00e9lyes okm\u00e1nyokra \u00e9s TAJ-k\u00e1rty\u00e1ra nincs sz\u00fcks\u00e9g. Fontos, hogy a szemvizsg\u00e1lathoz kontaktlencse n\u00e9lk\u00fcl \u00e9rkezzen a jelentkez\u0151. A testanal\u00edzis-k\u00e9sz\u00fcl\u00e9k haszn\u00e1lat\u00e1t gyors\u00edtja, ha a h\u00f6lgyek harisnyanadr\u00e1g helyett k\u00f6nnyen levehet\u0151 zokniban \u00e9rkeznek.&nbsp;Tekintettel arra, hogy&nbsp;mez\u00edtl\u00e1b kell a k\u00e9sz\u00fcl\u00e9kre fel\u00e1llni.<\/p>\n\n\n\n<p><strong>A vizsg\u00e1latra a v\u00e1lasztott f\u00e9l\u00f3r\u00e1s id\u0151s\u00e1v megad\u00e1s\u00e1val lehet jelentkezni. 12:00 \u00e9s &nbsp;13:00 k\u00f6z\u00f6tt technikai \u00e9s eb\u00e9dsz\u00fcnet lesz, teh\u00e1t ez az id\u0151tartam nem foglalhat\u00f3. K\u00e9rj\u00fck, az interj\u00fak alatti napt\u00e1rban a&nbsp;december 8-i&nbsp;napra kattintva jelezze r\u00e9szv\u00e9teli sz\u00e1nd\u00e9k\u00e1t. A leg\u00f6rd\u00fcl\u0151 r\u00e9szben v\u00e1lassza ki a megfelel\u0151 id\u0151pontot, majd kattintson az id\u0151pontfoglal\u00e1sra. Minden id\u0151s\u00e1vban 8 szem\u00e9ly vizsg\u00e1lat\u00e1ra van lehet\u0151s\u00e9g. Az id\u0151pontok alatt l\u00e1that\u00f3 a m\u00e9g foglalhat\u00f3 helyek sz\u00e1ma.<\/strong><\/p>\n\n\n\n<p><strong>A r\u00e9szv\u00e9tel felt\u00e9tele az id\u0151pont el\u0151zetes foglal\u00e1sa. A foglal\u00e1st k\u00f6vet\u0151en az id\u0151pontot lemondani vagy m\u00f3dos\u00edtani a\u00a0<a href=\"mailto:kapcsolat@muosz.hu\" data-type=\"mailto\" data-id=\"mailto:kapcsolat@muosz.hu\" target=\"_blank\" rel=\"noreferrer noopener\">kapcsolat@muosz.hu<\/a>\u00a0c\u00edmen lehet. Egy\u00fcttm\u0171k\u00f6d\u00e9s\u00fcket k\u00f6sz\u00f6nj\u00fck.<\/strong><\/p>\n\n\n\n<p><strong>A&nbsp;Magyarorsz\u00e1g \u00e1tfog\u00f3 eg\u00e9szs\u00e9gv\u00e9delmi sz\u0171r\u0151programja 2010-2020-2030<\/strong>&nbsp;aktualit\u00e1sair\u00f3l Dankovics Gergely programigazgat\u00f3 adott t\u00e1j\u00e9koztat\u00e1st.<\/p>\n\n\n\n<hr class=\"wp-block-separator has-alpha-channel-opacity is-style-wide\" id=\"regisztracio\"\/>\n\n\n<div class=\"booked-calendar-shortcode-wrap\"><div class=\"booked-list-view booked-calendar-wrap large\" data-default=\"2025-12-08\"><div class=\"booked-appt-list\" data-list-date=\"2025-12-08\" data-min-date=\"2025-12-08\" data-max-date=\"\"><div class=\"booked-appt-list-header\"><h2 class=\"booked-no-prev\"><span>Rendelkez\u00e9sre \u00e1ll\u00f3 id\u0151pontok <\/span><strong>2025-12-08<\/strong><\/h2><div class=\"booked-list-view-nav\" data-calendar-id=\"2\"><button data-date=\"2025-12-09\" class=\"booked-list-view-date-next bb-small\">Next&nbsp;&nbsp;<i class=\"fa-solid fa-arrow-right\"><\/i><\/button><span class=\"booked-datepicker-wrap\"><input data-min-date=\"2025-12-08\" class=\"booked_list_date_picker\" value=\"2025-12-08\" type=\"hidden\"><a href=\"#\" class=\"booked_list_date_picker_trigger\"><i class=\"fa-solid fa-calendar-days\"><\/i><\/a><\/span><\/div><\/div><div class=\"timeslot bookedClearFix timeslot-count-hidden timeslot-unavailable\"><span class=\"timeslot-time\"><span class=\"timeslot-range\"><i class=\"fa-solid fa-clock\"><\/i>&nbsp;&nbsp;09:00 &ndash; 09:30<\/span><span class=\"spots-available empty\">0 rendelkez\u00e9sre \u00e1ll\u00f3 helyek<\/span><\/span><span class=\"timeslot-people\"><button data-calendar-id=\"2\" data-title=\"\" data-timeslot=\"0900-0930\" data-date=\"2025-12-08\" class=\"new-appt button\" disabled><span class=\"button-timeslot\">09:00 &ndash; 09:30<\/span><span class=\"button-text\">Unavailable<\/span><\/button><\/span><\/div><div class=\"timeslot bookedClearFix timeslot-count-hidden timeslot-unavailable\"><span class=\"timeslot-time\"><span class=\"timeslot-range\"><i class=\"fa-solid fa-clock\"><\/i>&nbsp;&nbsp;09:30 &ndash; 10:00<\/span><span class=\"spots-available empty\">0 rendelkez\u00e9sre \u00e1ll\u00f3 helyek<\/span><\/span><span class=\"timeslot-people\"><button data-calendar-id=\"2\" data-title=\"\" data-timeslot=\"0930-1000\" data-date=\"2025-12-08\" class=\"new-appt button\" disabled><span class=\"button-timeslot\">09:30 &ndash; 10:00<\/span><span class=\"button-text\">Unavailable<\/span><\/button><\/span><\/div><div class=\"timeslot bookedClearFix timeslot-count-hidden timeslot-unavailable\"><span class=\"timeslot-time\"><span class=\"timeslot-range\"><i class=\"fa-solid fa-clock\"><\/i>&nbsp;&nbsp;10:00 &ndash; 10:30<\/span><span class=\"spots-available empty\">0 rendelkez\u00e9sre \u00e1ll\u00f3 helyek<\/span><\/span><span class=\"timeslot-people\"><button data-calendar-id=\"2\" data-title=\"\" data-timeslot=\"1000-1030\" data-date=\"2025-12-08\" class=\"new-appt button\" disabled><span class=\"button-timeslot\">10:00 &ndash; 10:30<\/span><span class=\"button-text\">Unavailable<\/span><\/button><\/span><\/div><div class=\"timeslot bookedClearFix timeslot-count-hidden timeslot-unavailable\"><span class=\"timeslot-time\"><span class=\"timeslot-range\"><i class=\"fa-solid fa-clock\"><\/i>&nbsp;&nbsp;10:30 &ndash; 11:00<\/span><span class=\"spots-available empty\">0 rendelkez\u00e9sre \u00e1ll\u00f3 helyek<\/span><\/span><span class=\"timeslot-people\"><button data-calendar-id=\"2\" data-title=\"\" data-timeslot=\"1030-1100\" data-date=\"2025-12-08\" class=\"new-appt button\" disabled><span class=\"button-timeslot\">10:30 &ndash; 11:00<\/span><span class=\"button-text\">Unavailable<\/span><\/button><\/span><\/div><div class=\"timeslot bookedClearFix timeslot-count-hidden timeslot-unavailable\"><span class=\"timeslot-time\"><span class=\"timeslot-range\"><i class=\"fa-solid fa-clock\"><\/i>&nbsp;&nbsp;11:00 &ndash; 11:30<\/span><span class=\"spots-available empty\">0 rendelkez\u00e9sre \u00e1ll\u00f3 helyek<\/span><\/span><span class=\"timeslot-people\"><button data-calendar-id=\"2\" data-title=\"\" data-timeslot=\"1100-1130\" data-date=\"2025-12-08\" class=\"new-appt button\" disabled><span class=\"button-timeslot\">11:00 &ndash; 11:30<\/span><span class=\"button-text\">Unavailable<\/span><\/button><\/span><\/div><div class=\"timeslot bookedClearFix timeslot-count-hidden timeslot-unavailable\"><span class=\"timeslot-time\"><span class=\"timeslot-range\"><i class=\"fa-solid fa-clock\"><\/i>&nbsp;&nbsp;11:30 &ndash; 12:00<\/span><span class=\"spots-available empty\">0 rendelkez\u00e9sre \u00e1ll\u00f3 helyek<\/span><\/span><span class=\"timeslot-people\"><button data-calendar-id=\"2\" data-title=\"\" data-timeslot=\"1130-1200\" data-date=\"2025-12-08\" class=\"new-appt button\" disabled><span class=\"button-timeslot\">11:30 &ndash; 12:00<\/span><span class=\"button-text\">Unavailable<\/span><\/button><\/span><\/div><div class=\"timeslot bookedClearFix timeslot-count-hidden timeslot-unavailable\"><span class=\"timeslot-time\"><span class=\"timeslot-range\"><i class=\"fa-solid fa-clock\"><\/i>&nbsp;&nbsp;13:00 &ndash; 13:30<\/span><span class=\"spots-available empty\">0 rendelkez\u00e9sre \u00e1ll\u00f3 helyek<\/span><\/span><span class=\"timeslot-people\"><button data-calendar-id=\"2\" data-title=\"\" data-timeslot=\"1300-1330\" data-date=\"2025-12-08\" class=\"new-appt button\" disabled><span class=\"button-timeslot\">13:00 &ndash; 13:30<\/span><span class=\"button-text\">Unavailable<\/span><\/button><\/span><\/div><div class=\"timeslot bookedClearFix timeslot-count-hidden timeslot-unavailable\"><span class=\"timeslot-time\"><span class=\"timeslot-range\"><i class=\"fa-solid fa-clock\"><\/i>&nbsp;&nbsp;13:30 &ndash; 14:00<\/span><span class=\"spots-available empty\">0 rendelkez\u00e9sre \u00e1ll\u00f3 helyek<\/span><\/span><span class=\"timeslot-people\"><button data-calendar-id=\"2\" data-title=\"\" data-timeslot=\"1330-1400\" data-date=\"2025-12-08\" class=\"new-appt button\" disabled><span class=\"button-timeslot\">13:30 &ndash; 14:00<\/span><span class=\"button-text\">Unavailable<\/span><\/button><\/span><\/div><div class=\"timeslot bookedClearFix timeslot-count-hidden timeslot-unavailable\"><span class=\"timeslot-time\"><span class=\"timeslot-range\"><i class=\"fa-solid fa-clock\"><\/i>&nbsp;&nbsp;14:00 &ndash; 14:30<\/span><span class=\"spots-available empty\">0 rendelkez\u00e9sre \u00e1ll\u00f3 helyek<\/span><\/span><span class=\"timeslot-people\"><button data-calendar-id=\"2\" data-title=\"\" data-timeslot=\"1400-1430\" data-date=\"2025-12-08\" class=\"new-appt button\" disabled><span class=\"button-timeslot\">14:00 &ndash; 14:30<\/span><span class=\"button-text\">Unavailable<\/span><\/button><\/span><\/div><div class=\"timeslot bookedClearFix timeslot-count-hidden timeslot-unavailable\"><span class=\"timeslot-time\"><span class=\"timeslot-range\"><i class=\"fa-solid fa-clock\"><\/i>&nbsp;&nbsp;14:30 &ndash; 15:00<\/span><span class=\"spots-available empty\">0 rendelkez\u00e9sre \u00e1ll\u00f3 helyek<\/span><\/span><span class=\"timeslot-people\"><button data-calendar-id=\"2\" data-title=\"\" data-timeslot=\"1430-1500\" data-date=\"2025-12-08\" class=\"new-appt button\" disabled><span class=\"button-timeslot\">14:30 &ndash; 15:00<\/span><span class=\"button-text\">Unavailable<\/span><\/button><\/span><\/div><div class=\"timeslot bookedClearFix timeslot-count-hidden timeslot-unavailable\"><span class=\"timeslot-time\"><span class=\"timeslot-range\"><i class=\"fa-solid fa-clock\"><\/i>&nbsp;&nbsp;15:00 &ndash; 15:30<\/span><span class=\"spots-available empty\">0 rendelkez\u00e9sre \u00e1ll\u00f3 helyek<\/span><\/span><span class=\"timeslot-people\"><button data-calendar-id=\"2\" data-title=\"\" data-timeslot=\"1500-1530\" data-date=\"2025-12-08\" class=\"new-appt button\" disabled><span class=\"button-timeslot\">15:00 &ndash; 15:30<\/span><span class=\"button-text\">Unavailable<\/span><\/button><\/span><\/div><div class=\"timeslot bookedClearFix timeslot-count-hidden timeslot-unavailable\"><span class=\"timeslot-time\"><span class=\"timeslot-range\"><i class=\"fa-solid fa-clock\"><\/i>&nbsp;&nbsp;15:30 &ndash; 16:00<\/span><span class=\"spots-available empty\">0 rendelkez\u00e9sre \u00e1ll\u00f3 helyek<\/span><\/span><span class=\"timeslot-people\"><button data-calendar-id=\"2\" data-title=\"\" data-timeslot=\"1530-1600\" data-date=\"2025-12-08\" class=\"new-appt button\" disabled><span class=\"button-timeslot\">15:30 &ndash; 16:00<\/span><span class=\"button-text\">Unavailable<\/span><\/button><\/span><\/div><\/div><\/div><\/div>\n","protected":false},"excerpt":{"rendered":"<p>2025. december 8-\u00e1n, p\u00e9nteken ism\u00e9t megrendezz\u00fck az Eg\u00e9szs\u00e9g Napot. A sz\u0171r\u0151kamion&nbsp;a Sajt\u00f3h\u00e1z el\u0151tt reggel 9 \u00f3r\u00e1t\u00f3l d\u00e9lut\u00e1n 4-ig fogadja az \u00fajs\u00e1g\u00edr\u00f3kat. A t\u00f6bb t\u00edzezer forint \u00e9rt\u00e9k\u0171 sz\u0171r\u0151vizsg\u00e1laton a r\u00e9szv\u00e9tel ingyenes, de regisztr\u00e1ci\u00f3hoz k\u00f6t\u00f6tt! A vizsg\u00e1latokat megel\u0151z\u0151en ki kell t\u00f6lteni egy anonim k\u00e9rd\u0151\u00edvet, ami adatokkal a r\u00e9sztvev\u0151k seg\u00edtik a programot. Ez megk\u00f6zel\u00edt\u0151leg 10-12 percet vesz ig\u00e9nybe, &hellip; <a href=\"https:\/\/muosz.hu\/eletmodnap\/booked_appointments\/2025-12-08-1400-user-guest-8\/\" class=\"more-link\"><span class=\"screen-reader-text\">&#8222;2025-12-08 @ 14:00 (User: Guest)&#8221;<\/span> b\u0151vebben<\/a><\/p>\n","protected":false},"author":1,"featured_media":0,"parent":0,"menu_order":0,"comment_status":"closed","ping_status":"open","template":"","meta":{"footnotes":""},"class_list":["post-2","page","type-page","status-publish","hentry"],"_links":{"self":[{"href":"https:\/\/muosz.hu\/eletmodnap\/wp-json\/wp\/v2\/pages\/2","targetHints":{"allow":["GET"]}}],"collection":[{"href":"https:\/\/muosz.hu\/eletmodnap\/wp-json\/wp\/v2\/pages"}],"about":[{"href":"https:\/\/muosz.hu\/eletmodnap\/wp-json\/wp\/v2\/types\/page"}],"author":[{"embeddable":true,"href":"https:\/\/muosz.hu\/eletmodnap\/wp-json\/wp\/v2\/users\/1"}],"replies":[{"embeddable":true,"href":"https:\/\/muosz.hu\/eletmodnap\/wp-json\/wp\/v2\/comments?post=2"}],"version-history":[{"count":63,"href":"https:\/\/muosz.hu\/eletmodnap\/wp-json\/wp\/v2\/pages\/2\/revisions"}],"predecessor-version":[{"id":765,"href":"https:\/\/muosz.hu\/eletmodnap\/wp-json\/wp\/v2\/pages\/2\/revisions\/765"}],"wp:attachment":[{"href":"https:\/\/muosz.hu\/eletmodnap\/wp-json\/wp\/v2\/media?parent=2"}],"curies":[{"name":"wp","href":"https:\/\/api.w.org\/{rel}","templated":true}]}}